{"id":27,"date":"2014-10-20T12:58:43","date_gmt":"2014-10-20T11:58:43","guid":{"rendered":"http:\/\/www.mueblesjomaca.com\/?page_id=27"},"modified":"2014-10-30T01:27:08","modified_gmt":"2014-10-30T00:27:08","slug":"empresa","status":"publish","type":"page","link":"http:\/\/www.mueblesjomaca.com\/?page_id=27","title":{"rendered":"Empresa"},"content":{"rendered":"<p>Muebles Jomaca somos, desde 1996, un equipo de profesionales del mueble dispuestos a encontrar la soluci\u00f3n \u00f3ptima. No vendemos ni despachamos: asesoramos de forma personalizada.<br \/>\n[column3]\n[fontawesome icon=\u00bbicon-check\u00bb circle=\u00bbyes\u00bb size=\u00bbmedium\u00bb iconcolor=\u00bb#8a052d\u00bb circlecolor=\u00bb\u00bb circlebordercolor=\u00bb#ffffff\u00bb]<div class=\"su-spacer\" style=\"height:12px\"><\/div>\n<p><span style=\"color: #8a052d;\">LO QUE NECESITAS<\/span><br \/>\nTenemos lo que necesitas y sino, lo conseguimos o lo hacemos en nuestra f\u00e1brica propia.<br \/>\n[\/column3]\n[column3]\n[fontawesome icon=\u00bbicon-tag\u00bb circle=\u00bbyes\u00bb size=\u00bbmedium\u00bb iconcolor=\u00bb#8a052d\u00bb circlecolor=\u00bb\u00bb circlebordercolor=\u00bb#ffffff\u00bb]<div class=\"su-spacer\" style=\"height:12px\"><\/div>\n<p><span style=\"color: #8a052d;\">TODAS LAS GAMAS<\/span><br \/>\nDesde el m\u00e1s alto dise\u00f1o hasta el m\u00e1s econ\u00f3mico.<br \/>\n[\/column3]\n[column3 last=yes]\n[fontawesome icon=\u00bbicon-legal\u00bb circle=\u00bbyes\u00bb size=\u00bbmedium\u00bb iconcolor=\u00bb#8a052d\u00bb circlecolor=\u00bb\u00bb circlebordercolor=\u00bb#ffffff\u00bb]<div class=\"su-spacer\" style=\"height:12px\"><\/div>\n<p><span style=\"color: #8a052d;\">TRANSPORTE Y MONTAJE<\/span><br \/>\nTransporte y montaje incluido en el precio y realizado por profesionales.<br \/>\n[\/column3]\n[divider top=\u00bb10&#8243; bottom=\u00bb30&#8243; style=\u00bbdouble\u00bb]\n","protected":false},"excerpt":{"rendered":"<p>Muebles Jomaca somos, desde 1996, un equipo de profesionales del mueble dispuestos a encontrar la soluci\u00f3n \u00f3ptima. No vendemos ni despachamos: asesoramos de forma personalizada. [column3] [fontawesome icon=\u00bbicon-check\u00bb circle=\u00bbyes\u00bb size=\u00bbmedium\u00bb iconcolor=\u00bb#8a052d\u00bb circlecolor=\u00bb\u00bb circlebordercolor=\u00bb#ffffff\u00bb] LO QUE NECESITAS Tenemos lo que necesitas y sino, lo conseguimos o lo hacemos en nuestra f\u00e1brica propia. [\/column3] [column3] [fontawesome icon=\u00bbicon-tag\u00bb [&hellip;]<\/p>\n","protected":false},"author":1,"featured_media":0,"parent":0,"menu_order":0,"comment_status":"closed","ping_status":"closed","template":"","meta":{"footnotes":""},"class_list":["post-27","page","type-page","status-publish","hentry"],"_links":{"self":[{"href":"http:\/\/www.mueblesjomaca.com\/index.php?rest_route=\/wp\/v2\/pages\/27","targetHints":{"allow":["GET"]}}],"collection":[{"href":"http:\/\/www.mueblesjomaca.com\/index.php?rest_route=\/wp\/v2\/pages"}],"about":[{"href":"http:\/\/www.mueblesjomaca.com\/index.php?rest_route=\/wp\/v2\/types\/page"}],"author":[{"embeddable":true,"href":"http:\/\/www.mueblesjomaca.com\/index.php?rest_route=\/wp\/v2\/users\/1"}],"replies":[{"embeddable":true,"href":"http:\/\/www.mueblesjomaca.com\/index.php?rest_route=%2Fwp%2Fv2%2Fcomments&post=27"}],"version-history":[{"count":7,"href":"http:\/\/www.mueblesjomaca.com\/index.php?rest_route=\/wp\/v2\/pages\/27\/revisions"}],"predecessor-version":[{"id":57,"href":"http:\/\/www.mueblesjomaca.com\/index.php?rest_route=\/wp\/v2\/pages\/27\/revisions\/57"}],"wp:attachment":[{"href":"http:\/\/www.mueblesjomaca.com\/index.php?rest_route=%2Fwp%2Fv2%2Fmedia&parent=27"}],"curies":[{"name":"wp","href":"https:\/\/api.w.org\/{rel}","templated":true}]}}