{"id":69,"date":"2014-10-20T23:29:36","date_gmt":"2014-10-20T22:29:36","guid":{"rendered":"http:\/\/www.mueblesjomaca.com\/?page_id=69"},"modified":"2014-10-30T01:30:14","modified_gmt":"2014-10-30T00:30:14","slug":"asesoramiento","status":"publish","type":"page","link":"http:\/\/www.mueblesjomaca.com\/?page_id=69","title":{"rendered":"Asesoramiento"},"content":{"rendered":"<p style=\"text-align: justify;\">Tanto si necesita un mueble como si tiene pensado realizar cambios importantes en toda tu casa, oficina, patio, jard\u00edn&#8230; nosotros le asesoramos\u00a0 para hacer una elecci\u00f3n \u00f3ptima e inteligente ajust\u00e1ndonos a sus necesidades.<\/p>\n<p style=\"text-align: justify;\">Podr\u00e1 elegir entre un amplio surtido de muebles y electrodom\u00e9sticos para todo su hogar, desde tu cocina, hasta el sal\u00f3n, el dormitorio e incluso el ba\u00f1o.<\/p>\n<p style=\"text-align: justify;\">Nosotros le ayudamos con todo ello. Adem\u00e1s, nuestro\u00a0 servicio profesional de transporte y montaje lo dejar\u00e1 todo listo.<\/p>\n","protected":false},"excerpt":{"rendered":"<p>Tanto si necesita un mueble como si tiene pensado realizar cambios importantes en toda tu casa, oficina, patio, jard\u00edn&#8230; nosotros le asesoramos\u00a0 para hacer una elecci\u00f3n \u00f3ptima e inteligente ajust\u00e1ndonos a sus necesidades. Podr\u00e1 elegir entre un amplio surtido de muebles y electrodom\u00e9sticos para todo su hogar, desde tu cocina, hasta el sal\u00f3n, el dormitorio [&hellip;]<\/p>\n","protected":false},"author":1,"featured_media":0,"parent":0,"menu_order":0,"comment_status":"closed","ping_status":"closed","template":"","meta":{"footnotes":""},"class_list":["post-69","page","type-page","status-publish","hentry"],"_links":{"self":[{"href":"http:\/\/www.mueblesjomaca.com\/index.php?rest_route=\/wp\/v2\/pages\/69","targetHints":{"allow":["GET"]}}],"collection":[{"href":"http:\/\/www.mueblesjomaca.com\/index.php?rest_route=\/wp\/v2\/pages"}],"about":[{"href":"http:\/\/www.mueblesjomaca.com\/index.php?rest_route=\/wp\/v2\/types\/page"}],"author":[{"embeddable":true,"href":"http:\/\/www.mueblesjomaca.com\/index.php?rest_route=\/wp\/v2\/users\/1"}],"replies":[{"embeddable":true,"href":"http:\/\/www.mueblesjomaca.com\/index.php?rest_route=%2Fwp%2Fv2%2Fcomments&post=69"}],"version-history":[{"count":2,"href":"http:\/\/www.mueblesjomaca.com\/index.php?rest_route=\/wp\/v2\/pages\/69\/revisions"}],"predecessor-version":[{"id":71,"href":"http:\/\/www.mueblesjomaca.com\/index.php?rest_route=\/wp\/v2\/pages\/69\/revisions\/71"}],"wp:attachment":[{"href":"http:\/\/www.mueblesjomaca.com\/index.php?rest_route=%2Fwp%2Fv2%2Fmedia&parent=69"}],"curies":[{"name":"wp","href":"https:\/\/api.w.org\/{rel}","templated":true}]}}