{"id":72,"date":"2014-10-20T23:41:07","date_gmt":"2014-10-20T22:41:07","guid":{"rendered":"http:\/\/www.mueblesjomaca.com\/?page_id=72"},"modified":"2014-10-21T00:38:17","modified_gmt":"2014-10-20T23:38:17","slug":"proyectos-de-decoracion","status":"publish","type":"page","link":"http:\/\/www.mueblesjomaca.com\/?page_id=72","title":{"rendered":"Proyectos de decoraci\u00f3n"},"content":{"rendered":"<p style=\"text-align: justify;\">En Jomaca nos gusta trabajar de forma cercana. Por eso, nuestro equipo de dise\u00f1adores realiza <span style=\"color: #8a052d;\">proyectos a mano alzada<\/span>, aunque si lo prefiere, tambi\u00e9n podemos realizarlo en programas de entorno 3D.<\/p>\n<p style=\"text-align: justify;\">Para confeccionar su proyecto a medida pida informaci\u00f3n en nuestra tienda, telef\u00f3nicamente o a trav\u00e9s del <a href=\"http:\/\/www.mueblesjomaca.com\/?page_id=37\" target=\"_blank\">formulario de contacto.<\/a><\/p>\n<p style=\"text-align: justify;\">[thumbnails pageid=\u00bb\u00bb start=\u00bb\u00bb end=\u00bb\u00bb title=\u00bbfalse\u00bb exclude_featured=\u00bbtrue\u00bb description=\u00bbfalse\u00bb]\n<p style=\"text-align: justify;\"><div class=\"su-spacer\" style=\"height:30px\"><\/div>\n","protected":false},"excerpt":{"rendered":"<p>En Jomaca nos gusta trabajar de forma cercana. Por eso, nuestro equipo de dise\u00f1adores realiza proyectos a mano alzada, aunque si lo prefiere, tambi\u00e9n podemos realizarlo en programas de entorno 3D. Para confeccionar su proyecto a medida pida informaci\u00f3n en nuestra tienda, telef\u00f3nicamente o a trav\u00e9s del formulario de contacto. [thumbnails pageid=\u00bb\u00bb start=\u00bb\u00bb end=\u00bb\u00bb title=\u00bbfalse\u00bb [&hellip;]<\/p>\n","protected":false},"author":1,"featured_media":0,"parent":0,"menu_order":0,"comment_status":"closed","ping_status":"closed","template":"","meta":{"footnotes":""},"class_list":["post-72","page","type-page","status-publish","hentry"],"_links":{"self":[{"href":"http:\/\/www.mueblesjomaca.com\/index.php?rest_route=\/wp\/v2\/pages\/72","targetHints":{"allow":["GET"]}}],"collection":[{"href":"http:\/\/www.mueblesjomaca.com\/index.php?rest_route=\/wp\/v2\/pages"}],"about":[{"href":"http:\/\/www.mueblesjomaca.com\/index.php?rest_route=\/wp\/v2\/types\/page"}],"author":[{"embeddable":true,"href":"http:\/\/www.mueblesjomaca.com\/index.php?rest_route=\/wp\/v2\/users\/1"}],"replies":[{"embeddable":true,"href":"http:\/\/www.mueblesjomaca.com\/index.php?rest_route=%2Fwp%2Fv2%2Fcomments&post=72"}],"version-history":[{"count":6,"href":"http:\/\/www.mueblesjomaca.com\/index.php?rest_route=\/wp\/v2\/pages\/72\/revisions"}],"predecessor-version":[{"id":105,"href":"http:\/\/www.mueblesjomaca.com\/index.php?rest_route=\/wp\/v2\/pages\/72\/revisions\/105"}],"wp:attachment":[{"href":"http:\/\/www.mueblesjomaca.com\/index.php?rest_route=%2Fwp%2Fv2%2Fmedia&parent=72"}],"curies":[{"name":"wp","href":"https:\/\/api.w.org\/{rel}","templated":true}]}}