{"id":86,"date":"2014-10-21T00:00:44","date_gmt":"2014-10-20T23:00:44","guid":{"rendered":"http:\/\/www.mueblesjomaca.com\/?page_id=86"},"modified":"2014-10-30T01:34:26","modified_gmt":"2014-10-30T00:34:26","slug":"financiacion","status":"publish","type":"page","link":"http:\/\/www.mueblesjomaca.com\/?page_id=86","title":{"rendered":"Financiaci\u00f3n"},"content":{"rendered":"<p style=\"text-align: justify;\">Le ofrecemos la posibilidad de pagar su compra c\u00f3modamente.<br \/>\nPara ello, disponemos de distintos m\u00e9todos de financiaci\u00f3n y formas de pago. Buscaremos la f\u00f3rmula que m\u00e1s c\u00f3moda le resulte.<\/p>\n<p style=\"text-align: justify;\">Para estudiar su f\u00f3rmula de financiaci\u00f3n pida informaci\u00f3n en nuestra tienda, telef\u00f3nicamente o a trav\u00e9s del <a href=\"http:\/\/www.mueblesjomaca.com\/?page_id=37\" target=\"_blank\">formulario de contacto.<\/a><\/p>\n<p style=\"text-align: justify;\"><div class=\"su-spacer\" style=\"height:20px\"><\/div>\n","protected":false},"excerpt":{"rendered":"<p>Le ofrecemos la posibilidad de pagar su compra c\u00f3modamente. Para ello, disponemos de distintos m\u00e9todos de financiaci\u00f3n y formas de pago. Buscaremos la f\u00f3rmula que m\u00e1s c\u00f3moda le resulte. Para estudiar su f\u00f3rmula de financiaci\u00f3n pida informaci\u00f3n en nuestra tienda, telef\u00f3nicamente o a trav\u00e9s del formulario de contacto.<\/p>\n","protected":false},"author":1,"featured_media":0,"parent":0,"menu_order":0,"comment_status":"closed","ping_status":"closed","template":"","meta":{"footnotes":""},"class_list":["post-86","page","type-page","status-publish","hentry"],"_links":{"self":[{"href":"http:\/\/www.mueblesjomaca.com\/index.php?rest_route=\/wp\/v2\/pages\/86","targetHints":{"allow":["GET"]}}],"collection":[{"href":"http:\/\/www.mueblesjomaca.com\/index.php?rest_route=\/wp\/v2\/pages"}],"about":[{"href":"http:\/\/www.mueblesjomaca.com\/index.php?rest_route=\/wp\/v2\/types\/page"}],"author":[{"embeddable":true,"href":"http:\/\/www.mueblesjomaca.com\/index.php?rest_route=\/wp\/v2\/users\/1"}],"replies":[{"embeddable":true,"href":"http:\/\/www.mueblesjomaca.com\/index.php?rest_route=%2Fwp%2Fv2%2Fcomments&post=86"}],"version-history":[{"count":2,"href":"http:\/\/www.mueblesjomaca.com\/index.php?rest_route=\/wp\/v2\/pages\/86\/revisions"}],"predecessor-version":[{"id":104,"href":"http:\/\/www.mueblesjomaca.com\/index.php?rest_route=\/wp\/v2\/pages\/86\/revisions\/104"}],"wp:attachment":[{"href":"http:\/\/www.mueblesjomaca.com\/index.php?rest_route=%2Fwp%2Fv2%2Fmedia&parent=86"}],"curies":[{"name":"wp","href":"https:\/\/api.w.org\/{rel}","templated":true}]}}