{"id":89,"date":"2014-10-21T00:03:12","date_gmt":"2014-10-20T23:03:12","guid":{"rendered":"http:\/\/www.mueblesjomaca.com\/?page_id=89"},"modified":"2014-10-30T01:35:01","modified_gmt":"2014-10-30T00:35:01","slug":"hosteleria-y-grandes-cantidades","status":"publish","type":"page","link":"http:\/\/www.mueblesjomaca.com\/?page_id=89","title":{"rendered":"Hosteler\u00eda y grandes cantidades"},"content":{"rendered":"<p style=\"text-align: justify;\">Ofrecemos precios muy competitivos para hosteler\u00eda y grandes cantidades.<br \/>\nSi requiere informaci\u00f3n, h\u00e1ganos llegar este formulario y nos pondremos en contacto a la mayor brevedad:<\/p>\n<p style=\"text-align: justify;\">[contact-form-7 404 \"No encontrado\"]\n<p style=\"text-align: justify;\"><div class=\"su-spacer\" style=\"height:20px\"><\/div>\n","protected":false},"excerpt":{"rendered":"<p>Ofrecemos precios muy competitivos para hosteler\u00eda y grandes cantidades. Si requiere informaci\u00f3n, h\u00e1ganos llegar este formulario y nos pondremos en contacto a la mayor brevedad:<\/p>\n","protected":false},"author":1,"featured_media":0,"parent":0,"menu_order":0,"comment_status":"open","ping_status":"open","template":"","meta":{"footnotes":""},"class_list":["post-89","page","type-page","status-publish","hentry"],"_links":{"self":[{"href":"http:\/\/www.mueblesjomaca.com\/index.php?rest_route=\/wp\/v2\/pages\/89","targetHints":{"allow":["GET"]}}],"collection":[{"href":"http:\/\/www.mueblesjomaca.com\/index.php?rest_route=\/wp\/v2\/pages"}],"about":[{"href":"http:\/\/www.mueblesjomaca.com\/index.php?rest_route=\/wp\/v2\/types\/page"}],"author":[{"embeddable":true,"href":"http:\/\/www.mueblesjomaca.com\/index.php?rest_route=\/wp\/v2\/users\/1"}],"replies":[{"embeddable":true,"href":"http:\/\/www.mueblesjomaca.com\/index.php?rest_route=%2Fwp%2Fv2%2Fcomments&post=89"}],"version-history":[{"count":2,"href":"http:\/\/www.mueblesjomaca.com\/index.php?rest_route=\/wp\/v2\/pages\/89\/revisions"}],"predecessor-version":[{"id":106,"href":"http:\/\/www.mueblesjomaca.com\/index.php?rest_route=\/wp\/v2\/pages\/89\/revisions\/106"}],"wp:attachment":[{"href":"http:\/\/www.mueblesjomaca.com\/index.php?rest_route=%2Fwp%2Fv2%2Fmedia&parent=89"}],"curies":[{"name":"wp","href":"https:\/\/api.w.org\/{rel}","templated":true}]}}